{"id":951,"date":"2024-06-04T14:19:19","date_gmt":"2024-06-04T14:19:19","guid":{"rendered":"https:\/\/novo.ummeiodepalavras.pt\/wp\/?page_id=951"},"modified":"2024-06-25T13:19:50","modified_gmt":"2024-06-25T13:19:50","slug":"campanha-de-inscricao-2024-2025_publicado","status":"publish","type":"page","link":"https:\/\/novo.ummeiodepalavras.pt\/wp\/?page_id=951","title":{"rendered":"Campanha de Inscri\u00e7\u00e3o 2024\/2025_Publicado"},"content":{"rendered":"\t\t<div data-elementor-type=\"wp-page\" data-elementor-id=\"951\" class=\"elementor elementor-951\">\n\t\t\t\t\t\t<section class=\"elementor-section elementor-top-section elementor-element elementor-element-390fccd elementor-section-boxed elementor-section-height-default elementor-section-height-default\" data-id=\"390fccd\" data-element_type=\"section\">\n\t\t\t\t\t\t\t<div class=\"elementor-background-overlay\"><\/div>\n\t\t\t\t\t\t\t<div class=\"elementor-container elementor-column-gap-default\">\n\t\t\t\t\t<div class=\"elementor-column elementor-col-100 elementor-top-column elementor-element elementor-element-e61c4e7\" data-id=\"e61c4e7\" data-element_type=\"column\">\n\t\t\t<div class=\"elementor-widget-wrap elementor-element-populated\">\n\t\t\t\t\t\t<section class=\"elementor-section elementor-inner-section elementor-element elementor-element-de0d320 elementor-section-boxed elementor-section-height-default elementor-section-height-default\" data-id=\"de0d320\" data-element_type=\"section\">\n\t\t\t\t\t\t<div class=\"elementor-container elementor-column-gap-default\">\n\t\t\t\t\t<div class=\"elementor-column elementor-col-50 elementor-inner-column elementor-element elementor-element-9f190e6\" data-id=\"9f190e6\" data-element_type=\"column\">\n\t\t\t<div class=\"elementor-widget-wrap elementor-element-populated\">\n\t\t\t\t\t\t<div class=\"elementor-element elementor-element-0340e8d elementor-widget__width-initial elementor-widget elementor-widget-sina_title\" data-id=\"0340e8d\" data-element_type=\"widget\" data-widget_type=\"sina_title.default\">\n\t\t\t\t<div class=\"elementor-widget-container\">\n\t\t\t\t\t<div class=\"sina-title\">\r\n\t\t\t\r\n\t\t\t\t\t\t\t<h2 class=\"sina-title-title\">Campanha de Inscri\u00e7\u00e3o<br><span>Explica\u00e7\u00f5es 2024\/2025<\/span><\/h2>\t\t\t\r\n\t\t\t\r\n\t\t\t\r\n\t\t\t\t\t<\/div><!-- .sina-title -->\r\n\t\t\t\t<\/div>\n\t\t\t\t<\/div>\n\t\t\t\t<div class=\"elementor-element elementor-element-57b490d elementor-widget elementor-widget-text-editor\" data-id=\"57b490d\" data-element_type=\"widget\" data-widget_type=\"text-editor.default\">\n\t\t\t\t<div class=\"elementor-widget-container\">\n\t\t\t<style>\/*! elementor - v3.23.0 - 05-08-2024 *\/\n.elementor-widget-text-editor.elementor-drop-cap-view-stacked .elementor-drop-cap{background-color:#69727d;color:#fff}.elementor-widget-text-editor.elementor-drop-cap-view-framed .elementor-drop-cap{color:#69727d;border:3px solid;background-color:transparent}.elementor-widget-text-editor:not(.elementor-drop-cap-view-default) .elementor-drop-cap{margin-top:8px}.elementor-widget-text-editor:not(.elementor-drop-cap-view-default) .elementor-drop-cap-letter{width:1em;height:1em}.elementor-widget-text-editor .elementor-drop-cap{float:left;text-align:center;line-height:1;font-size:50px}.elementor-widget-text-editor .elementor-drop-cap-letter{display:inline-block}<\/style>\t\t\t\t<p>\u00a0<\/p><p>Efetue a inscri\u00e7\u00e3o do seu educando at\u00e9 dia 31 julho e usufrua de 25% de desconto na mensalidade de setembro.<\/p><p>V\u00e1lida do 1\u00ba ao 9\u00ba ano, para alunos que frequentem o m\u00eas de setembro completo.<\/p><p>\u00a0<\/p>\t\t\t\t\t\t<\/div>\n\t\t\t\t<\/div>\n\t\t\t\t\t<\/div>\n\t\t<\/div>\n\t\t\t\t<div class=\"elementor-column elementor-col-50 elementor-inner-column elementor-element elementor-element-471034f\" data-id=\"471034f\" data-element_type=\"column\">\n\t\t\t<div class=\"elementor-widget-wrap elementor-element-populated\">\n\t\t\t\t\t\t<div class=\"elementor-element elementor-element-7951c64 elementor-widget elementor-widget-image\" data-id=\"7951c64\" data-element_type=\"widget\" data-widget_type=\"image.default\">\n\t\t\t\t<div class=\"elementor-widget-container\">\n\t\t\t<style>\/*! elementor - v3.23.0 - 05-08-2024 *\/\n.elementor-widget-image{text-align:center}.elementor-widget-image a{display:inline-block}.elementor-widget-image a img[src$=\".svg\"]{width:48px}.elementor-widget-image img{vertical-align:middle;display:inline-block}<\/style>\t\t\t\t\t\t\t\t\t\t<img fetchpriority=\"high\" decoding=\"async\" width=\"1080\" height=\"1080\" src=\"https:\/\/novo.ummeiodepalavras.pt\/wp\/wp-content\/uploads\/2024\/06\/Instagram-Post-Matriculas-Abertas-Vermelho-e-Amarelo.png\" class=\"attachment-full size-full wp-image-984\" alt=\"\" srcset=\"https:\/\/novo.ummeiodepalavras.pt\/wp\/wp-content\/uploads\/2024\/06\/Instagram-Post-Matriculas-Abertas-Vermelho-e-Amarelo.png 1080w, https:\/\/novo.ummeiodepalavras.pt\/wp\/wp-content\/uploads\/2024\/06\/Instagram-Post-Matriculas-Abertas-Vermelho-e-Amarelo-300x300.png 300w, https:\/\/novo.ummeiodepalavras.pt\/wp\/wp-content\/uploads\/2024\/06\/Instagram-Post-Matriculas-Abertas-Vermelho-e-Amarelo-1024x1024.png 1024w, https:\/\/novo.ummeiodepalavras.pt\/wp\/wp-content\/uploads\/2024\/06\/Instagram-Post-Matriculas-Abertas-Vermelho-e-Amarelo-150x150.png 150w, https:\/\/novo.ummeiodepalavras.pt\/wp\/wp-content\/uploads\/2024\/06\/Instagram-Post-Matriculas-Abertas-Vermelho-e-Amarelo-768x768.png 768w, https:\/\/novo.ummeiodepalavras.pt\/wp\/wp-content\/uploads\/2024\/06\/Instagram-Post-Matriculas-Abertas-Vermelho-e-Amarelo-600x600.png 600w, https:\/\/novo.ummeiodepalavras.pt\/wp\/wp-content\/uploads\/2024\/06\/Instagram-Post-Matriculas-Abertas-Vermelho-e-Amarelo-100x100.png 100w\" sizes=\"(max-width: 1080px) 100vw, 1080px\" \/>\t\t\t\t\t\t\t\t\t\t\t\t\t<\/div>\n\t\t\t\t<\/div>\n\t\t\t\t\t<\/div>\n\t\t<\/div>\n\t\t\t\t\t<\/div>\n\t\t<\/section>\n\t\t<div class=\"elementor-element elementor-element-a23066c e-flex e-con-boxed e-con e-parent\" data-id=\"a23066c\" data-element_type=\"container\">\n\t\t\t\t\t<div class=\"e-con-inner\">\n\t\t\t\t<div class=\"elementor-element elementor-element-d1074d7 elementor-align-center elementor-widget elementor-widget-button\" data-id=\"d1074d7\" data-element_type=\"widget\" data-widget_type=\"button.default\">\n\t\t\t\t<div class=\"elementor-widget-container\">\n\t\t\t\t\t<div class=\"elementor-button-wrapper\">\n\t\t\t<a class=\"elementor-button elementor-button-link elementor-size-sm\" href=\"https:\/\/forms.gle\/tGC1sW6BQM9PhCvc8\">\n\t\t\t\t\t\t<span class=\"elementor-button-content-wrapper\">\n\t\t\t\t\t\t<span class=\"elementor-button-icon\">\n\t\t\t\t<svg aria-hidden=\"true\" class=\"e-font-icon-svg e-fas-info-circle\" viewBox=\"0 0 512 512\" xmlns=\"http:\/\/www.w3.org\/2000\/svg\"><path d=\"M256 8C119.043 8 8 119.083 8 256c0 136.997 111.043 248 248 248s248-111.003 248-248C504 119.083 392.957 8 256 8zm0 110c23.196 0 42 18.804 42 42s-18.804 42-42 42-42-18.804-42-42 18.804-42 42-42zm56 254c0 6.627-5.373 12-12 12h-88c-6.627 0-12-5.373-12-12v-24c0-6.627 5.373-12 12-12h12v-64h-12c-6.627 0-12-5.373-12-12v-24c0-6.627 5.373-12 12-12h64c6.627 0 12 5.373 12 12v100h12c6.627 0 12 5.373 12 12v24z\"><\/path><\/svg>\t\t\t<\/span>\n\t\t\t\t\t\t\t\t\t<span class=\"elementor-button-text\">Informa\u00e7\u00f5es<\/span>\n\t\t\t\t\t<\/span>\n\t\t\t\t\t<\/a>\n\t\t<\/div>\n\t\t\t\t<\/div>\n\t\t\t\t<\/div>\n\t\t\t\t\t<\/div>\n\t\t\t\t<\/div>\n\t\t\t\t\t<\/div>\n\t\t<\/div>\n\t\t\t\t\t<\/div>\n\t\t<\/section>\n\t\t\t\t<\/div>\n\t\t","protected":false},"excerpt":{"rendered":"<p>Campanha de Inscri\u00e7\u00e3oExplica\u00e7\u00f5es 2024\/2025 \u00a0 Efetue a inscri\u00e7\u00e3o do seu educando at\u00e9 dia 31 julho e usufrua de 25% de desconto na mensalidade de setembro. V\u00e1lida do 1\u00ba ao 9\u00ba ano, para alunos que frequentem o m\u00eas de setembro completo. \u00a0 Informa\u00e7\u00f5es<\/p>\n","protected":false},"author":3,"featured_media":695,"parent":0,"menu_order":0,"comment_status":"closed","ping_status":"closed","template":"elementor_header_footer","meta":{"footnotes":""},"class_list":["post-951","page","type-page","status-publish","has-post-thumbnail","hentry"],"_links":{"self":[{"href":"https:\/\/novo.ummeiodepalavras.pt\/wp\/index.php?rest_route=\/wp\/v2\/pages\/951","targetHints":{"allow":["GET"]}}],"collection":[{"href":"https:\/\/novo.ummeiodepalavras.pt\/wp\/index.php?rest_route=\/wp\/v2\/pages"}],"about":[{"href":"https:\/\/novo.ummeiodepalavras.pt\/wp\/index.php?rest_route=\/wp\/v2\/types\/page"}],"author":[{"embeddable":true,"href":"https:\/\/novo.ummeiodepalavras.pt\/wp\/index.php?rest_route=\/wp\/v2\/users\/3"}],"replies":[{"embeddable":true,"href":"https:\/\/novo.ummeiodepalavras.pt\/wp\/index.php?rest_route=%2Fwp%2Fv2%2Fcomments&post=951"}],"version-history":[{"count":10,"href":"https:\/\/novo.ummeiodepalavras.pt\/wp\/index.php?rest_route=\/wp\/v2\/pages\/951\/revisions"}],"predecessor-version":[{"id":1019,"href":"https:\/\/novo.ummeiodepalavras.pt\/wp\/index.php?rest_route=\/wp\/v2\/pages\/951\/revisions\/1019"}],"wp:featuredmedia":[{"embeddable":true,"href":"https:\/\/novo.ummeiodepalavras.pt\/wp\/index.php?rest_route=\/wp\/v2\/media\/695"}],"wp:attachment":[{"href":"https:\/\/novo.ummeiodepalavras.pt\/wp\/index.php?rest_route=%2Fwp%2Fv2%2Fmedia&parent=951"}],"curies":[{"name":"wp","href":"https:\/\/api.w.org\/{rel}","templated":true}]}}