{"id":870,"date":"2024-05-22T16:03:08","date_gmt":"2024-05-22T16:03:08","guid":{"rendered":"https:\/\/novo.ummeiodepalavras.pt\/wp\/?page_id=870"},"modified":"2024-06-25T13:18:55","modified_gmt":"2024-06-25T13:18:55","slug":"atividades-de-verao-2024_publicado","status":"publish","type":"page","link":"https:\/\/novo.ummeiodepalavras.pt\/wp\/?page_id=870","title":{"rendered":"Atividades de Ver\u00e3o 2024_Publicado"},"content":{"rendered":"\t\t<div data-elementor-type=\"wp-page\" data-elementor-id=\"870\" class=\"elementor elementor-870\">\n\t\t\t\t\t\t<section class=\"elementor-section elementor-top-section elementor-element elementor-element-390fccd elementor-section-boxed elementor-section-height-default elementor-section-height-default\" data-id=\"390fccd\" data-element_type=\"section\">\n\t\t\t\t\t\t\t<div class=\"elementor-background-overlay\"><\/div>\n\t\t\t\t\t\t\t<div class=\"elementor-container elementor-column-gap-default\">\n\t\t\t\t\t<div class=\"elementor-column elementor-col-100 elementor-top-column elementor-element elementor-element-e61c4e7\" data-id=\"e61c4e7\" data-element_type=\"column\">\n\t\t\t<div class=\"elementor-widget-wrap elementor-element-populated\">\n\t\t\t\t\t\t<section class=\"elementor-section elementor-inner-section elementor-element elementor-element-de0d320 elementor-section-boxed elementor-section-height-default elementor-section-height-default\" data-id=\"de0d320\" data-element_type=\"section\">\n\t\t\t\t\t\t<div class=\"elementor-container elementor-column-gap-default\">\n\t\t\t\t\t<div class=\"elementor-column elementor-col-50 elementor-inner-column elementor-element elementor-element-9f190e6\" data-id=\"9f190e6\" data-element_type=\"column\">\n\t\t\t<div class=\"elementor-widget-wrap elementor-element-populated\">\n\t\t\t\t\t\t<div class=\"elementor-element elementor-element-0340e8d elementor-widget elementor-widget-sina_title\" data-id=\"0340e8d\" data-element_type=\"widget\" data-widget_type=\"sina_title.default\">\n\t\t\t\t<div class=\"elementor-widget-container\">\n\t\t\t\t\t<div class=\"sina-title\">\r\n\t\t\t\r\n\t\t\t\t\t\t\t<h2 class=\"sina-title-title\">Atividades de Ver\u00e3o <span>2024<\/span><\/h2>\t\t\t\r\n\t\t\t\r\n\t\t\t\r\n\t\t\t\t\t<\/div><!-- .sina-title -->\r\n\t\t\t\t<\/div>\n\t\t\t\t<\/div>\n\t\t\t\t<div class=\"elementor-element elementor-element-57b490d elementor-widget elementor-widget-text-editor\" data-id=\"57b490d\" data-element_type=\"widget\" data-widget_type=\"text-editor.default\">\n\t\t\t\t<div class=\"elementor-widget-container\">\n\t\t\t<style>\/*! elementor - v3.23.0 - 05-08-2024 *\/\n.elementor-widget-text-editor.elementor-drop-cap-view-stacked .elementor-drop-cap{background-color:#69727d;color:#fff}.elementor-widget-text-editor.elementor-drop-cap-view-framed .elementor-drop-cap{color:#69727d;border:3px solid;background-color:transparent}.elementor-widget-text-editor:not(.elementor-drop-cap-view-default) .elementor-drop-cap{margin-top:8px}.elementor-widget-text-editor:not(.elementor-drop-cap-view-default) .elementor-drop-cap-letter{width:1em;height:1em}.elementor-widget-text-editor .elementor-drop-cap{float:left;text-align:center;line-height:1;font-size:50px}.elementor-widget-text-editor .elementor-drop-cap-letter{display:inline-block}<\/style>\t\t\t\t<p style=\"text-align: left;\">A 1\/2 de Palavras organizou um plano de atividades espec\u00edficas para o per\u00edodo de f\u00e9rias escolares das crian\u00e7as e jovens,&nbsp; que engloba atividades diversificadas de car\u00e1cter pedag\u00f3gico, tendo em vista o aproveitamento do tempo das f\u00e9rias de ver\u00e3o.<\/p>\t\t\t\t\t\t<\/div>\n\t\t\t\t<\/div>\n\t\t\t\t\t<\/div>\n\t\t<\/div>\n\t\t\t\t<div class=\"elementor-column elementor-col-50 elementor-inner-column elementor-element elementor-element-471034f\" data-id=\"471034f\" data-element_type=\"column\">\n\t\t\t<div class=\"elementor-widget-wrap elementor-element-populated\">\n\t\t\t\t\t\t<div class=\"elementor-element elementor-element-7951c64 elementor-widget elementor-widget-image\" data-id=\"7951c64\" data-element_type=\"widget\" data-widget_type=\"image.default\">\n\t\t\t\t<div class=\"elementor-widget-container\">\n\t\t\t<style>\/*! elementor - v3.23.0 - 05-08-2024 *\/\n.elementor-widget-image{text-align:center}.elementor-widget-image a{display:inline-block}.elementor-widget-image a img[src$=\".svg\"]{width:48px}.elementor-widget-image img{vertical-align:middle;display:inline-block}<\/style>\t\t\t\t\t\t\t\t\t\t<img fetchpriority=\"high\" decoding=\"async\" width=\"1080\" height=\"1080\" src=\"https:\/\/novo.ummeiodepalavras.pt\/wp\/wp-content\/uploads\/2024\/06\/intensivo-jovens-ingles.png\" class=\"attachment-full size-full wp-image-975\" alt=\"\" srcset=\"https:\/\/novo.ummeiodepalavras.pt\/wp\/wp-content\/uploads\/2024\/06\/intensivo-jovens-ingles.png 1080w, https:\/\/novo.ummeiodepalavras.pt\/wp\/wp-content\/uploads\/2024\/06\/intensivo-jovens-ingles-300x300.png 300w, https:\/\/novo.ummeiodepalavras.pt\/wp\/wp-content\/uploads\/2024\/06\/intensivo-jovens-ingles-1024x1024.png 1024w, https:\/\/novo.ummeiodepalavras.pt\/wp\/wp-content\/uploads\/2024\/06\/intensivo-jovens-ingles-150x150.png 150w, https:\/\/novo.ummeiodepalavras.pt\/wp\/wp-content\/uploads\/2024\/06\/intensivo-jovens-ingles-768x768.png 768w, https:\/\/novo.ummeiodepalavras.pt\/wp\/wp-content\/uploads\/2024\/06\/intensivo-jovens-ingles-600x600.png 600w, https:\/\/novo.ummeiodepalavras.pt\/wp\/wp-content\/uploads\/2024\/06\/intensivo-jovens-ingles-100x100.png 100w\" sizes=\"(max-width: 1080px) 100vw, 1080px\" \/>\t\t\t\t\t\t\t\t\t\t\t\t\t<\/div>\n\t\t\t\t<\/div>\n\t\t\t\t\t<\/div>\n\t\t<\/div>\n\t\t\t\t\t<\/div>\n\t\t<\/section>\n\t\t<div class=\"elementor-element elementor-element-a23066c e-flex e-con-boxed e-con e-parent\" data-id=\"a23066c\" data-element_type=\"container\">\n\t\t\t\t\t<div class=\"e-con-inner\">\n\t\t\t\t<div class=\"elementor-element elementor-element-d1074d7 elementor-align-center elementor-widget elementor-widget-button\" data-id=\"d1074d7\" data-element_type=\"widget\" data-widget_type=\"button.default\">\n\t\t\t\t<div class=\"elementor-widget-container\">\n\t\t\t\t\t<div class=\"elementor-button-wrapper\">\n\t\t\t<a class=\"elementor-button elementor-button-link elementor-size-sm\" href=\"https:\/\/forms.gle\/tGC1sW6BQM9PhCvc8\">\n\t\t\t\t\t\t<span class=\"elementor-button-content-wrapper\">\n\t\t\t\t\t\t<span class=\"elementor-button-icon\">\n\t\t\t\t<svg aria-hidden=\"true\" class=\"e-font-icon-svg e-fas-info-circle\" viewBox=\"0 0 512 512\" xmlns=\"http:\/\/www.w3.org\/2000\/svg\"><path d=\"M256 8C119.043 8 8 119.083 8 256c0 136.997 111.043 248 248 248s248-111.003 248-248C504 119.083 392.957 8 256 8zm0 110c23.196 0 42 18.804 42 42s-18.804 42-42 42-42-18.804-42-42 18.804-42 42-42zm56 254c0 6.627-5.373 12-12 12h-88c-6.627 0-12-5.373-12-12v-24c0-6.627 5.373-12 12-12h12v-64h-12c-6.627 0-12-5.373-12-12v-24c0-6.627 5.373-12 12-12h64c6.627 0 12 5.373 12 12v100h12c6.627 0 12 5.373 12 12v24z\"><\/path><\/svg>\t\t\t<\/span>\n\t\t\t\t\t\t\t\t\t<span class=\"elementor-button-text\">Informa\u00e7\u00f5es<\/span>\n\t\t\t\t\t<\/span>\n\t\t\t\t\t<\/a>\n\t\t<\/div>\n\t\t\t\t<\/div>\n\t\t\t\t<\/div>\n\t\t\t\t\t<\/div>\n\t\t\t\t<\/div>\n\t\t\t\t<div class=\"elementor-element elementor-element-fa8c80f elementor-view-stacked elementor-vertical-align-middle elementor-position-left elementor-shape-circle elementor-mobile-position-top elementor-widget elementor-widget-icon-box\" data-id=\"fa8c80f\" data-element_type=\"widget\" data-widget_type=\"icon-box.default\">\n\t\t\t\t<div class=\"elementor-widget-container\">\n\t\t\t<link rel=\"stylesheet\" href=\"https:\/\/novo.ummeiodepalavras.pt\/wp\/wp-content\/plugins\/elementor\/assets\/css\/widget-icon-box.min.css\">\t\t<div class=\"elementor-icon-box-wrapper\">\n\n\t\t\t\t\t\t<div class=\"elementor-icon-box-icon\">\n\t\t\t\t<span  class=\"elementor-icon elementor-animation-\">\n\t\t\t\t<svg aria-hidden=\"true\" class=\"e-font-icon-svg e-fas-users-cog\" viewBox=\"0 0 640 512\" xmlns=\"http:\/\/www.w3.org\/2000\/svg\"><path d=\"M610.5 341.3c2.6-14.1 2.6-28.5 0-42.6l25.8-14.9c3-1.7 4.3-5.2 3.3-8.5-6.7-21.6-18.2-41.2-33.2-57.4-2.3-2.5-6-3.1-9-1.4l-25.8 14.9c-10.9-9.3-23.4-16.5-36.9-21.3v-29.8c0-3.4-2.4-6.4-5.7-7.1-22.3-5-45-4.8-66.2 0-3.3.7-5.7 3.7-5.7 7.1v29.8c-13.5 4.8-26 12-36.9 21.3l-25.8-14.9c-2.9-1.7-6.7-1.1-9 1.4-15 16.2-26.5 35.8-33.2 57.4-1 3.3.4 6.8 3.3 8.5l25.8 14.9c-2.6 14.1-2.6 28.5 0 42.6l-25.8 14.9c-3 1.7-4.3 5.2-3.3 8.5 6.7 21.6 18.2 41.1 33.2 57.4 2.3 2.5 6 3.1 9 1.4l25.8-14.9c10.9 9.3 23.4 16.5 36.9 21.3v29.8c0 3.4 2.4 6.4 5.7 7.1 22.3 5 45 4.8 66.2 0 3.3-.7 5.7-3.7 5.7-7.1v-29.8c13.5-4.8 26-12 36.9-21.3l25.8 14.9c2.9 1.7 6.7 1.1 9-1.4 15-16.2 26.5-35.8 33.2-57.4 1-3.3-.4-6.8-3.3-8.5l-25.8-14.9zM496 368.5c-26.8 0-48.5-21.8-48.5-48.5s21.8-48.5 48.5-48.5 48.5 21.8 48.5 48.5-21.7 48.5-48.5 48.5zM96 224c35.3 0 64-28.7 64-64s-28.7-64-64-64-64 28.7-64 64 28.7 64 64 64zm224 32c1.9 0 3.7-.5 5.6-.6 8.3-21.7 20.5-42.1 36.3-59.2 7.4-8 17.9-12.6 28.9-12.6 6.9 0 13.7 1.8 19.6 5.3l7.9 4.6c.8-.5 1.6-.9 2.4-1.4 7-14.6 11.2-30.8 11.2-48 0-61.9-50.1-112-112-112S208 82.1 208 144c0 61.9 50.1 112 112 112zm105.2 194.5c-2.3-1.2-4.6-2.6-6.8-3.9-8.2 4.8-15.3 9.8-27.5 9.8-10.9 0-21.4-4.6-28.9-12.6-18.3-19.8-32.3-43.9-40.2-69.6-10.7-34.5 24.9-49.7 25.8-50.3-.1-2.6-.1-5.2 0-7.8l-7.9-4.6c-3.8-2.2-7-5-9.8-8.1-3.3.2-6.5.6-9.8.6-24.6 0-47.6-6-68.5-16h-8.3C179.6 288 128 339.6 128 403.2V432c0 26.5 21.5 48 48 48h255.4c-3.7-6-6.2-12.8-6.2-20.3v-9.2zM173.1 274.6C161.5 263.1 145.6 256 128 256H64c-35.3 0-64 28.7-64 64v32c0 17.7 14.3 32 32 32h65.9c6.3-47.4 34.9-87.3 75.2-109.4z\"><\/path><\/svg>\t\t\t\t<\/span>\n\t\t\t<\/div>\n\t\t\t\n\t\t\t\t\t\t<div class=\"elementor-icon-box-content\">\n\n\t\t\t\t\t\t\t\t\t<h3 class=\"elementor-icon-box-title\">\n\t\t\t\t\t\t<span  >\n\t\t\t\t\t\t\tCursos Intensivos de Ingl\u00eas\t\t\t\t\t\t<\/span>\n\t\t\t\t\t<\/h3>\n\t\t\t\t\n\t\t\t\t\t\t\t\t\t<p class=\"elementor-icon-box-description\">\n\t\t\t\t\t\tDesde o n\u00edvel inicial (A0.1) at\u00e9 ao n\u00edvel interm\u00e9dio (B1.2). <br><br>\u00c9 necess\u00e1ria uma entrevista pr\u00e9via para apura\u00e7\u00e3o do n\u00edvel em que o aluno\nse encontra.<br><br>\nDatas de realiza\u00e7\u00e3o: <br>1\u00aa fase: 02-29 julho <br> 2\u00aafase: 15 julho-9 agosto <br> 3\u00aafase: 29 agosto-11 setembro<br><br>\nHor\u00e1rio\/Carga hor\u00e1ria: de 2\u00aa a 6\u00aa feira, num total de 40 horas (4 semanas)<br><br>\n 1\u00aa fase: das 10h00-12h00 <br>2\u00aafase: das 15h00-17h00 de 15-29 julho e das 10h00-12h00 de 30 julho-09 agosto<br>3\u00aafase: das 9h-13h<br><br>\nFormadora: Helena Silva<br>\n<br>Inscri\u00e7\u00f5es: m\u00ednimo- 2 alunos; m\u00e1ximo- 8 alunos (a realiza\u00e7\u00e3o dos cursos est\u00e1 dependente do n\u00ba m\u00ednimo de inscri\u00e7\u00f5es)<br><br>\nNota: os alunos da \u00bd de Palavras usufruem de 10% desconto e n\u00e3o pagam taxa de inscri\u00e7\u00e3o\t\t\t\t\t<\/p>\n\t\t\t\t\n\t\t\t<\/div>\n\t\t\t\n\t\t<\/div>\n\t\t\t\t<\/div>\n\t\t\t\t<\/div>\n\t\t\t\t<div class=\"elementor-element elementor-element-78c6ce5 elementor-view-stacked elementor-vertical-align-middle elementor-position-left elementor-shape-circle elementor-mobile-position-top elementor-widget elementor-widget-icon-box\" data-id=\"78c6ce5\" data-element_type=\"widget\" data-widget_type=\"icon-box.default\">\n\t\t\t\t<div class=\"elementor-widget-container\">\n\t\t\t\t\t<div class=\"elementor-icon-box-wrapper\">\n\n\t\t\t\t\t\t<div class=\"elementor-icon-box-icon\">\n\t\t\t\t<span  class=\"elementor-icon elementor-animation-\">\n\t\t\t\t<svg aria-hidden=\"true\" class=\"e-font-icon-svg e-fas-book-reader\" viewBox=\"0 0 512 512\" xmlns=\"http:\/\/www.w3.org\/2000\/svg\"><path d=\"M352 96c0-53.02-42.98-96-96-96s-96 42.98-96 96 42.98 96 96 96 96-42.98 96-96zM233.59 241.1c-59.33-36.32-155.43-46.3-203.79-49.05C13.55 191.13 0 203.51 0 219.14v222.8c0 14.33 11.59 26.28 26.49 27.05 43.66 2.29 131.99 10.68 193.04 41.43 9.37 4.72 20.48-1.71 20.48-11.87V252.56c-.01-4.67-2.32-8.95-6.42-11.46zm248.61-49.05c-48.35 2.74-144.46 12.73-203.78 49.05-4.1 2.51-6.41 6.96-6.41 11.63v245.79c0 10.19 11.14 16.63 20.54 11.9 61.04-30.72 149.32-39.11 192.97-41.4 14.9-.78 26.49-12.73 26.49-27.06V219.14c-.01-15.63-13.56-28.01-29.81-27.09z\"><\/path><\/svg>\t\t\t\t<\/span>\n\t\t\t<\/div>\n\t\t\t\n\t\t\t\t\t\t<div class=\"elementor-icon-box-content\">\n\n\t\t\t\t\t\t\t\t\t<h3 class=\"elementor-icon-box-title\">\n\t\t\t\t\t\t<span  >\n\t\t\t\t\t\t\tCursos Intensivos por Disciplina\t\t\t\t\t\t<\/span>\n\t\t\t\t\t<\/h3>\n\t\t\t\t\n\t\t\t\t\t\t\t\t\t<p class=\"elementor-icon-box-description\">\n\t\t\t\t\t\tOs Cursos Intensivos por Disciplina consistem no acompanhamento personalizado de alunos do 2\u00ba e 3\u00ba ciclos (do 5\u00ba ao 9\u00ba ano) que\nnecessitem de aux\u00edlio a uma disciplina espec\u00edfica, na qual revelam mais dificuldades.<br><br>\nModo de Funcionamento:\n\u00c9 elaborado um plano de estudo com os conte\u00fados que sejam considerados base para o n\u00edvel escolar em que o aluno se encontra. <br><br>A\nrevis\u00e3o desses conte\u00fados permitir\u00e1 que o aluno tenha uma maior prepara\u00e7\u00e3o para o ano seguinte.<br><br>\nCarga hor\u00e1ria total: 20 horas<br><br>\nHor\u00e1rio de Funcionamento: 2 horas por sess\u00e3o, de 2\u00aa a 6\u00aa, em hor\u00e1rios a combinar consoante a disponibilidade do Explicador e\nExplicando.\t\t\t\t\t<\/p>\n\t\t\t\t\n\t\t\t<\/div>\n\t\t\t\n\t\t<\/div>\n\t\t\t\t<\/div>\n\t\t\t\t<\/div>\n\t\t\t\t\t<\/div>\n\t\t<\/div>\n\t\t\t\t\t<\/div>\n\t\t<\/section>\n\t\t\t\t<\/div>\n\t\t","protected":false},"excerpt":{"rendered":"<p>Atividades de Ver\u00e3o 2024 A 1\/2 de Palavras organizou um plano de atividades espec\u00edficas para o per\u00edodo de f\u00e9rias escolares das crian\u00e7as e jovens,&nbsp; que engloba atividades diversificadas de car\u00e1cter pedag\u00f3gico, tendo em vista o aproveitamento do tempo das f\u00e9rias de ver\u00e3o. Informa\u00e7\u00f5es Cursos Intensivos de Ingl\u00eas Desde o n\u00edvel inicial (A0.1) at\u00e9 ao n\u00edvel interm\u00e9dio (B1.2). \u00c9 necess\u00e1ria uma [&hellip;]<\/p>\n","protected":false},"author":3,"featured_media":695,"parent":0,"menu_order":0,"comment_status":"closed","ping_status":"closed","template":"elementor_header_footer","meta":{"footnotes":""},"class_list":["post-870","page","type-page","status-publish","has-post-thumbnail","hentry"],"_links":{"self":[{"href":"https:\/\/novo.ummeiodepalavras.pt\/wp\/index.php?rest_route=\/wp\/v2\/pages\/870","targetHints":{"allow":["GET"]}}],"collection":[{"href":"https:\/\/novo.ummeiodepalavras.pt\/wp\/index.php?rest_route=\/wp\/v2\/pages"}],"about":[{"href":"https:\/\/novo.ummeiodepalavras.pt\/wp\/index.php?rest_route=\/wp\/v2\/types\/page"}],"author":[{"embeddable":true,"href":"https:\/\/novo.ummeiodepalavras.pt\/wp\/index.php?rest_route=\/wp\/v2\/users\/3"}],"replies":[{"embeddable":true,"href":"https:\/\/novo.ummeiodepalavras.pt\/wp\/index.php?rest_route=%2Fwp%2Fv2%2Fcomments&post=870"}],"version-history":[{"count":10,"href":"https:\/\/novo.ummeiodepalavras.pt\/wp\/index.php?rest_route=\/wp\/v2\/pages\/870\/revisions"}],"predecessor-version":[{"id":1016,"href":"https:\/\/novo.ummeiodepalavras.pt\/wp\/index.php?rest_route=\/wp\/v2\/pages\/870\/revisions\/1016"}],"wp:featuredmedia":[{"embeddable":true,"href":"https:\/\/novo.ummeiodepalavras.pt\/wp\/index.php?rest_route=\/wp\/v2\/media\/695"}],"wp:attachment":[{"href":"https:\/\/novo.ummeiodepalavras.pt\/wp\/index.php?rest_route=%2Fwp%2Fv2%2Fmedia&parent=870"}],"curies":[{"name":"wp","href":"https:\/\/api.w.org\/{rel}","templated":true}]}}