{"id":850,"date":"2024-05-22T14:13:47","date_gmt":"2024-05-22T14:13:47","guid":{"rendered":"https:\/\/novo.ummeiodepalavras.pt\/wp\/?page_id=850"},"modified":"2024-08-29T15:47:08","modified_gmt":"2024-08-29T15:47:08","slug":"centro-de-estudos","status":"publish","type":"page","link":"https:\/\/novo.ummeiodepalavras.pt\/wp\/?page_id=850","title":{"rendered":"Centro de Estudos_publicado"},"content":{"rendered":"\t\t<div data-elementor-type=\"wp-page\" data-elementor-id=\"850\" class=\"elementor elementor-850\">\n\t\t\t\t\t\t<section class=\"elementor-section elementor-top-section elementor-element elementor-element-898e127 elementor-section-boxed elementor-section-height-default elementor-section-height-default\" data-id=\"898e127\" data-element_type=\"section\" data-settings=\"{&quot;background_background&quot;:&quot;gradient&quot;}\">\n\t\t\t\t\t\t\t<div class=\"elementor-background-overlay\"><\/div>\n\t\t\t\t\t\t\t<div class=\"elementor-container elementor-column-gap-default\">\n\t\t\t\t\t<div class=\"elementor-column elementor-col-100 elementor-top-column elementor-element elementor-element-67b278a\" data-id=\"67b278a\" data-element_type=\"column\" data-settings=\"{&quot;background_background&quot;:&quot;classic&quot;}\">\n\t\t\t<div class=\"elementor-widget-wrap elementor-element-populated\">\n\t\t\t\t\t<div class=\"elementor-background-overlay\"><\/div>\n\t\t\t\t\t\t<div class=\"elementor-element elementor-element-18ef9b8 elementor-widget elementor-widget-sina_title\" data-id=\"18ef9b8\" data-element_type=\"widget\" data-widget_type=\"sina_title.default\">\n\t\t\t\t<div class=\"elementor-widget-container\">\n\t\t\t\t\t<div class=\"sina-title\">\r\n\t\t\t\r\n\t\t\t\t\t\t\t<h2 class=\"sina-title-title\">Centro de Estudos<br><span>Explica\u00e7\u00f5es<\/span><\/h2>\t\t\t\r\n\t\t\t\r\n\t\t\t\r\n\t\t\t\t\t<\/div><!-- .sina-title -->\r\n\t\t\t\t<\/div>\n\t\t\t\t<\/div>\n\t\t\t\t<div class=\"elementor-element elementor-element-0086993 elementor-widget elementor-widget-sina_accordion\" data-id=\"0086993\" data-element_type=\"widget\" data-widget_type=\"sina_accordion.default\">\n\t\t\t\t<div class=\"elementor-widget-container\">\n\t\t\t\t\t<div class=\"sina-accordion\"\r\n\t\tdata-open-first=\"\">\r\n\t\t\t\t\t\t\t<div class=\"sina-accordion-item elementor-repeater-item-7f74167 \">\r\n\t\t\t\t\t<h4 class=\"sina-accordion-header sina-flex\">\r\n\t\t\t\t\t\t\t\t\t\t\t\tEnsino B\u00e1sico\t\t\t\t\t\t\t\t\t\t\t\t\t<span class=\"sina-accordion-icon\">\r\n\t\t\t\t\t\t\t\t<i class=\"fa fa-angle-down off\"><\/i>\r\n\t\t\t\t\t\t\t\t<i class=\"fa fa-angle-up on\"><\/i>\r\n\t\t\t\t\t\t\t<\/span>\r\n\t\t\t\t\t\t\t\t\t\t\t<\/h4>\r\n\t\t\t\t\t<div class=\"sina-accordion-body\">\r\n\t\t\t\t\t\t\t\t\t\t\t\t\t\t<div class=\"sina-accordion-desc\">\r\n\t\t\t\t\t\t\t\t\tA Explica\u00e7\u00f5es do 1\u00ba ao 3\u00ba ciclos s\u00e3o desenvolvidas em grupo, com um m\u00e1ximo quatro alunos por monitor. <br><br>Os monitores possuem compet\u00eancias e experi\u00eancia profissional que permitem organizar e gerir o estudo do aluno, assim como colmatar as suas d\u00favidas.<br><br>\n\nAtividades realizadas em sala:<br>\n - Apoio na realiza\u00e7\u00e3o de trabalhos de casa;<br>\n - Esclarecimento de d\u00favidas das mat\u00e9rias lecionadas;<br>\n - Prepara\u00e7\u00e3o para fichas de avalia\u00e7\u00e3o, provas finais de ciclo e de equival\u00eancia \u00e0 frequ\u00eancia.<br><br>\n\n\nTemos dispon\u00edveis diferentes pacotes de horas semanais na nossa tabela.<br><br> O n\u00famero de horas por semana depende do que se concluir que \u00e9 necess\u00e1rio para que haja a um eficaz acompanhamento do aluno, podendo ir de 3h por semana at\u00e9 6h.\t\t\t\t\t\t\t\t<\/div>\r\n\t\t\t\t\t\t\t\t\t\t\t<\/div>\r\n\t\t\t\t<\/div>\r\n\t\t\t\t\t\t\t<div class=\"sina-accordion-item elementor-repeater-item-5dfd4c4 \">\r\n\t\t\t\t\t<h4 class=\"sina-accordion-header sina-flex\">\r\n\t\t\t\t\t\t\t\t\t\t\t\tEnsino Secund\u00e1rio\t\t\t\t\t\t\t\t\t\t\t\t\t<span class=\"sina-accordion-icon\">\r\n\t\t\t\t\t\t\t\t<i class=\"fa fa-angle-down off\"><\/i>\r\n\t\t\t\t\t\t\t\t<i class=\"fa fa-angle-up on\"><\/i>\r\n\t\t\t\t\t\t\t<\/span>\r\n\t\t\t\t\t\t\t\t\t\t\t<\/h4>\r\n\t\t\t\t\t<div class=\"sina-accordion-body\">\r\n\t\t\t\t\t\t\t\t\t\t\t\t\t\t<div class=\"sina-accordion-desc\">\r\n\t\t\t\t\t\t\t\t\tAs explica\u00e7\u00f5es consistem no acompanhamento personalizado de alunos do Secund\u00e1rio (10\u00ba, 11\u00ba e 12\u00ba) a disciplinas espec\u00edficas. <br><br>Em sala estar\u00e1 um professor para apenas uma disciplina, sendo que as explica\u00e7\u00f5es podem ser desenvolvidas em grupos at\u00e9 um m\u00e1ximo de tr\u00eas alunos.<br><br>\n\nAtividades realizadas em sala:<br>\n- Apoio na realiza\u00e7\u00e3o de trabalhos de casa;<br>\n- Esclarecimento de d\u00favidas da mat\u00e9ria lecionada \u00e0quela disciplina;<br>\n- Prepara\u00e7\u00e3o para fichas de avalia\u00e7\u00e3o e exames nacionais.<br><br>\n\nHor\u00e1rio de Funcionamento: a combinar consoante a disponibilidade dos Professores e Explicando.<br><br>\n\nCarga Semanal: depende do n\u00famero de horas que se conclua que sejam necess\u00e1rias para um eficaz acompanhamento do aluno, mas aconselhamos a aulas de 1h30 nas disciplinas com maiores dificuldades, 1h para as restantes.\n\n\t\t\t\t\t\t\t\t<\/div>\r\n\t\t\t\t\t\t\t\t\t\t\t<\/div>\r\n\t\t\t\t<\/div>\r\n\t\t\t\t\t\t\t<div class=\"sina-accordion-item elementor-repeater-item-9e55877 \">\r\n\t\t\t\t\t<h4 class=\"sina-accordion-header sina-flex\">\r\n\t\t\t\t\t\t\t\t\t\t\t\tEnsino Superior\t\t\t\t\t\t\t\t\t\t\t\t\t<span class=\"sina-accordion-icon\">\r\n\t\t\t\t\t\t\t\t<i class=\"fa fa-angle-down off\"><\/i>\r\n\t\t\t\t\t\t\t\t<i class=\"fa fa-angle-up on\"><\/i>\r\n\t\t\t\t\t\t\t<\/span>\r\n\t\t\t\t\t\t\t\t\t\t\t<\/h4>\r\n\t\t\t\t\t<div class=\"sina-accordion-body\">\r\n\t\t\t\t\t\t\t\t\t\t\t\t\t\t<div class=\"sina-accordion-desc\">\r\n\t\t\t\t\t\t\t\t\tAs explica\u00e7\u00f5es consistem no acompanhamento personalizado de alunos do Ensino Superior a disciplinas espec\u00edficas. <br><br>Em sala estar\u00e1 um professor para apenas uma disciplina, sendo que as explica\u00e7\u00f5es podem ser desenvolvidas em grupos at\u00e9 um m\u00e1ximo de tr\u00eas alunos, contudo, geralmente decorrem individualmente, tendo em conta de que se trata de um n\u00edvel superior.<br><br>\n\nAtividades realizadas em sala:<br>\n- Apoio na realiza\u00e7\u00e3o de trabalhos de casa;<br>\n- Esclarecimento de d\u00favidas da mat\u00e9ria lecionada \u00e0quela disciplina;<br>\n- Prepara\u00e7\u00e3o para fichas de avalia\u00e7\u00e3o e exames nacionais.<br><br>\n\nHor\u00e1rio de Funcionamento: a combinar consoante a disponibilidade dos Professores e Explicando.<br><br>\n\nCarga Semanal: depende do n\u00famero de horas que se conclua que sejam necess\u00e1rias para um eficaz acompanhamento do aluno.\n\t\t\t\t\t\t\t\t<\/div>\r\n\t\t\t\t\t\t\t\t\t\t\t<\/div>\r\n\t\t\t\t<\/div>\r\n\t\t\t\t\t<\/div><!-- .sina-accordion -->\r\n\t\t\t\t<\/div>\n\t\t\t\t<\/div>\n\t\t\t\t\t<\/div>\n\t\t<\/div>\n\t\t\t\t\t<\/div>\n\t\t<\/section>\n\t\t\t\t<section class=\"elementor-section elementor-top-section elementor-element elementor-element-38340a2 elementor-reverse-tablet elementor-reverse-mobile elementor-section-boxed elementor-section-height-default elementor-section-height-default\" data-id=\"38340a2\" data-element_type=\"section\">\n\t\t\t\t\t\t\t<div class=\"elementor-background-overlay\"><\/div>\n\t\t\t\t\t\t\t<div class=\"elementor-container elementor-column-gap-default\">\n\t\t\t\t\t<div class=\"elementor-column elementor-col-100 elementor-top-column elementor-element elementor-element-eb92098\" data-id=\"eb92098\" data-element_type=\"column\">\n\t\t\t<div class=\"elementor-widget-wrap elementor-element-populated\">\n\t\t\t\t\t\t<section class=\"elementor-section elementor-inner-section elementor-element elementor-element-f2f6543 elementor-section-boxed elementor-section-height-default elementor-section-height-default\" data-id=\"f2f6543\" data-element_type=\"section\" data-settings=\"{&quot;background_background&quot;:&quot;gradient&quot;}\">\n\t\t\t\t\t\t\t<div class=\"elementor-background-overlay\"><\/div>\n\t\t\t\t\t\t\t<div class=\"elementor-container elementor-column-gap-default\">\n\t\t\t\t\t<div class=\"elementor-column elementor-col-50 elementor-inner-column elementor-element elementor-element-41b677a\" data-id=\"41b677a\" data-element_type=\"column\">\n\t\t\t<div class=\"elementor-widget-wrap elementor-element-populated\">\n\t\t\t\t\t\t<div class=\"elementor-element elementor-element-fcd4249 elementor-widget elementor-widget-sina_title\" data-id=\"fcd4249\" data-element_type=\"widget\" data-widget_type=\"sina_title.default\">\n\t\t\t\t<div class=\"elementor-widget-container\">\n\t\t\t\t\t<div class=\"sina-title\">\r\n\t\t\t\r\n\t\t\t\t\t\t\t<h2 class=\"sina-title-title\">Para mais informa\u00e7\u00f5es<br><span>Contacte-nos!<\/span><\/h2>\t\t\t\r\n\t\t\t\r\n\t\t\t\r\n\t\t\t\t\t<\/div><!-- .sina-title -->\r\n\t\t\t\t<\/div>\n\t\t\t\t<\/div>\n\t\t\t\t\t<\/div>\n\t\t<\/div>\n\t\t\t\t<div class=\"elementor-column elementor-col-50 elementor-inner-column elementor-element elementor-element-7395da6\" data-id=\"7395da6\" data-element_type=\"column\">\n\t\t\t<div class=\"elementor-widget-wrap elementor-element-populated\">\n\t\t\t\t\t\t<div class=\"elementor-element elementor-element-3a27f54 elementor-widget elementor-widget-shortcode\" data-id=\"3a27f54\" data-element_type=\"widget\" data-widget_type=\"shortcode.default\">\n\t\t\t\t<div class=\"elementor-widget-container\">\n\t\t\t\t\t<div class=\"elementor-shortcode\">\n<div class=\"wpcf7 no-js\" id=\"wpcf7-f1113-o1\" lang=\"en-US\" dir=\"ltr\">\n<div class=\"screen-reader-response\"><p role=\"status\" aria-live=\"polite\" aria-atomic=\"true\"><\/p> <ul><\/ul><\/div>\n<form action=\"\/wp\/index.php?rest_route=%2Fwp%2Fv2%2Fpages%2F850#wpcf7-f1113-o1\" method=\"post\" class=\"wpcf7-form init\" aria-label=\"Contact form\" novalidate=\"novalidate\" data-status=\"init\">\n<div style=\"display: none;\">\n<input type=\"hidden\" name=\"_wpcf7\" value=\"1113\" \/>\n<input type=\"hidden\" name=\"_wpcf7_version\" value=\"5.9.8\" \/>\n<input type=\"hidden\" name=\"_wpcf7_locale\" value=\"en_US\" \/>\n<input type=\"hidden\" name=\"_wpcf7_unit_tag\" value=\"wpcf7-f1113-o1\" \/>\n<input type=\"hidden\" name=\"_wpcf7_container_post\" value=\"0\" \/>\n<input type=\"hidden\" name=\"_wpcf7_posted_data_hash\" value=\"\" \/>\n<\/div>\n<p><label> Nome<br \/>\n<span class=\"wpcf7-form-control-wrap\" data-name=\"your-name\"><input size=\"40\" maxlength=\"400\" class=\"wpcf7-form-control wpcf7-text wpcf7-validates-as-required\" autocomplete=\"name\" aria-required=\"true\" aria-invalid=\"false\" value=\"\" type=\"text\" name=\"your-name\" \/><\/span> <\/label>\n<\/p>\n<p><label> Telefone<br \/>\n<span class=\"wpcf7-form-control-wrap\" data-name=\"Telefone\"><input size=\"40\" maxlength=\"400\" class=\"wpcf7-form-control wpcf7-tel wpcf7-validates-as-required wpcf7-text wpcf7-validates-as-tel\" aria-required=\"true\" aria-invalid=\"false\" value=\"\" type=\"tel\" name=\"Telefone\" \/><\/span> <\/label>\n<\/p>\n<p><label> Contacto de e-mail<br \/>\n<span class=\"wpcf7-form-control-wrap\" data-name=\"your-email\"><input size=\"40\" maxlength=\"400\" class=\"wpcf7-form-control wpcf7-email wpcf7-validates-as-required wpcf7-text wpcf7-validates-as-email\" autocomplete=\"email\" aria-required=\"true\" aria-invalid=\"false\" value=\"\" type=\"email\" name=\"your-email\" \/><\/span> <\/label>\n<\/p>\n<p><label> Assunto<br \/>\n<span class=\"wpcf7-form-control-wrap\" data-name=\"your-subject\"><input size=\"40\" maxlength=\"400\" class=\"wpcf7-form-control wpcf7-text wpcf7-validates-as-required\" aria-required=\"true\" aria-invalid=\"false\" value=\"\" type=\"text\" name=\"your-subject\" \/><\/span> <\/label>\n<\/p>\n<p><label> Mensagem<br \/>\n<span class=\"wpcf7-form-control-wrap\" data-name=\"your-message\"><textarea cols=\"40\" rows=\"10\" maxlength=\"2000\" class=\"wpcf7-form-control wpcf7-textarea\" aria-invalid=\"false\" name=\"your-message\"><\/textarea><\/span> <\/label>\n<\/p>\n<p><input class=\"wpcf7-form-control wpcf7-submit has-spinner\" type=\"submit\" value=\"Enviar Mensagem\" \/>\n<\/p><div class=\"wpcf7-response-output\" aria-hidden=\"true\"><\/div>\n<\/form>\n<\/div>\n<\/div>\n\t\t\t\t<\/div>\n\t\t\t\t<\/div>\n\t\t\t\t\t<\/div>\n\t\t<\/div>\n\t\t\t\t\t<\/div>\n\t\t<\/section>\n\t\t\t\t\t<\/div>\n\t\t<\/div>\n\t\t\t\t\t<\/div>\n\t\t<\/section>\n\t\t\t\t<\/div>\n\t\t","protected":false},"excerpt":{"rendered":"<p>Centro de EstudosExplica\u00e7\u00f5es Ensino B\u00e1sico A Explica\u00e7\u00f5es do 1\u00ba ao 3\u00ba ciclos s\u00e3o desenvolvidas em grupo, com um m\u00e1ximo quatro alunos por monitor. Os monitores possuem compet\u00eancias e experi\u00eancia profissional que permitem organizar e gerir o estudo do aluno, assim como colmatar as suas d\u00favidas. Atividades realizadas em sala: &#8211; Apoio na realiza\u00e7\u00e3o de trabalhos de casa; &#8211; Esclarecimento de [&hellip;]<\/p>\n","protected":false},"author":3,"featured_media":0,"parent":0,"menu_order":0,"comment_status":"closed","ping_status":"closed","template":"elementor_header_footer","meta":{"footnotes":""},"class_list":["post-850","page","type-page","status-publish","hentry"],"_links":{"self":[{"href":"https:\/\/novo.ummeiodepalavras.pt\/wp\/index.php?rest_route=\/wp\/v2\/pages\/850","targetHints":{"allow":["GET"]}}],"collection":[{"href":"https:\/\/novo.ummeiodepalavras.pt\/wp\/index.php?rest_route=\/wp\/v2\/pages"}],"about":[{"href":"https:\/\/novo.ummeiodepalavras.pt\/wp\/index.php?rest_route=\/wp\/v2\/types\/page"}],"author":[{"embeddable":true,"href":"https:\/\/novo.ummeiodepalavras.pt\/wp\/index.php?rest_route=\/wp\/v2\/users\/3"}],"replies":[{"embeddable":true,"href":"https:\/\/novo.ummeiodepalavras.pt\/wp\/index.php?rest_route=%2Fwp%2Fv2%2Fcomments&post=850"}],"version-history":[{"count":17,"href":"https:\/\/novo.ummeiodepalavras.pt\/wp\/index.php?rest_route=\/wp\/v2\/pages\/850\/revisions"}],"predecessor-version":[{"id":1130,"href":"https:\/\/novo.ummeiodepalavras.pt\/wp\/index.php?rest_route=\/wp\/v2\/pages\/850\/revisions\/1130"}],"wp:attachment":[{"href":"https:\/\/novo.ummeiodepalavras.pt\/wp\/index.php?rest_route=%2Fwp%2Fv2%2Fmedia&parent=850"}],"curies":[{"name":"wp","href":"https:\/\/api.w.org\/{rel}","templated":true}]}}